{"id":26895,"date":"2025-11-23T20:29:18","date_gmt":"2025-11-23T20:29:18","guid":{"rendered":"https:\/\/kinematika.systems\/blog\/"},"modified":"2025-12-14T21:18:55","modified_gmt":"2025-12-14T21:18:55","slug":"blog","status":"publish","type":"page","link":"https:\/\/kinematika.systems\/de\/blog\/","title":{"rendered":"Blog"},"content":{"rendered":"<div class=\"fusion-fullwidth fullwidth-box fusion-builder-row-1 fusion-flex-container has-pattern-background has-mask-background nonhundred-percent-fullwidth non-hundred-percent-height-scrolling\" style=\"--awb-border-radius-top-left:0px;--awb-border-radius-top-right:0px;--awb-border-radius-bottom-right:0px;--awb-border-radius-bottom-left:0px;--awb-flex-wrap:wrap;\" ><div class=\"fusion-builder-row fusion-row fusion-flex-align-items-flex-start fusion-flex-content-wrap\" style=\"max-width:1279.2px;margin-left: calc(-4% \/ 2 );margin-right: calc(-4% \/ 2 );\"><div class=\"fusion-layout-column fusion_builder_column fusion-builder-column-0 fusion_builder_column_4_5 4_5 fusion-flex-column\" style=\"--awb-bg-size:cover;--awb-width-large:80%;--awb-margin-top-large:50px;--awb-spacing-right-large:2.4%;--awb-margin-bottom-large:0px;--awb-spacing-left-large:2.4%;--awb-width-medium:80%;--awb-order-medium:0;--awb-spacing-right-medium:2.4%;--awb-spacing-left-medium:2.4%;--awb-width-small:100%;--awb-order-small:0;--awb-spacing-right-small:1.92%;--awb-spacing-left-small:1.92%;\" data-scroll-devices=\"small-visibility,medium-visibility,large-visibility\"><div class=\"fusion-column-wrapper fusion-column-has-shadow fusion-flex-justify-content-flex-start fusion-content-layout-column\"><div class=\"fusion-post-cards fusion-post-cards-1 fusion-grid-archive fusion-grid-columns-1\" style=\"--awb-column-spacing:0px;--awb-dots-align:center;--awb-columns:1;--awb-active-filter-border-size:3px;--awb-filters-height:36px;\"><ul class=\"fusion-grid fusion-grid-1 fusion-flex-align-items-flex-start fusion-grid-posts-cards\"><li class=\"fusion-layout-column fusion_builder_column fusion-builder-column-1 fusion-flex-column post-card fusion-grid-column fusion-post-cards-grid-column\" style=\"--awb-padding-top:30px;--awb-padding-right:30px;--awb-padding-bottom:30px;--awb-padding-left:30px;--awb-bg-blend:overlay;--awb-bg-size:cover;--awb-border-color:#e2e2e2;--awb-border-top:1px;--awb-border-right:1px;--awb-border-bottom:1px;--awb-border-left:1px;--awb-border-style:solid;--awb-flex-grow:0;--awb-flex-shrink:0;--awb-flex-grow-medium:0;--awb-flex-shrink-medium:0;--awb-flex-grow-small:0;--awb-flex-shrink-small:0;\" data-scroll-devices=\"small-visibility,medium-visibility,large-visibility\"><div class=\"fusion-column-wrapper fusion-column-has-shadow fusion-flex-justify-content-flex-start fusion-content-layout-column\"><div class=\"fusion-image-element \" style=\"text-align:left;--awb-liftup-border-radius:0px;--awb-aspect-ratio:2 \/ 1;--awb-margin-bottom:30px;--awb-caption-title-font-family:var(--h2_typography-font-family);--awb-caption-title-font-weight:var(--h2_typography-font-weight);--awb-caption-title-font-style:var(--h2_typography-font-style);--awb-caption-title-size:var(--h2_typography-font-size);--awb-caption-title-transform:var(--h2_typography-text-transform);--awb-caption-title-line-height:var(--h2_typography-line-height);--awb-caption-title-letter-spacing:var(--h2_typography-letter-spacing);\"><div class=\"awb-image-frame awb-image-frame-1 imageframe-liftup\"><span class=\" fusion-imageframe imageframe-none imageframe-1 has-aspect-ratio\"><img decoding=\"async\" width=\"850\" height=\"638\" title=\"prj_Anguilla-Band-Shell-1-6-Bilder\" src=\"https:\/\/kinematika.systems\/wp-content\/uploads\/2025\/10\/prj_Anguilla-Band-Shell-1-6-images.webp\" data-orig-src=\"https:\/\/kinematika.systems\/wp-content\/uploads\/2025\/10\/prj_Anguilla-Band-Shell-1-6-images.webp\" class=\"lazyload img-responsive wp-image-27070 img-with-aspect-ratio\" data-parent-fit=\"cover\" data-parent-container=\".fusion-image-element\" alt srcset=\"data:image\/svg+xml,%3Csvg%20xmlns%3D%27http%3A%2F%2Fwww.w3.org%2F2000%2Fsvg%27%20width%3D%27850%27%20height%3D%27638%27%20viewBox%3D%270%200%20850%20638%27%3E%3Crect%20width%3D%27850%27%20height%3D%27638%27%20fill-opacity%3D%220%22%2F%3E%3C%2Fsvg%3E\" data-srcset=\"https:\/\/kinematika.systems\/wp-content\/uploads\/2025\/10\/prj_Anguilla-Band-Shell-1-6-images-200x150.webp 200w, https:\/\/kinematika.systems\/wp-content\/uploads\/2025\/10\/prj_Anguilla-Band-Shell-1-6-images-300x225.webp 300w, https:\/\/kinematika.systems\/wp-content\/uploads\/2025\/10\/prj_Anguilla-Band-Shell-1-6-images-400x300.webp 400w, https:\/\/kinematika.systems\/wp-content\/uploads\/2025\/10\/prj_Anguilla-Band-Shell-1-6-images-600x450.webp 600w, https:\/\/kinematika.systems\/wp-content\/uploads\/2025\/10\/prj_Anguilla-Band-Shell-1-6-images-768x576.webp 768w, https:\/\/kinematika.systems\/wp-content\/uploads\/2025\/10\/prj_Anguilla-Band-Shell-1-6-images-800x600.webp 800w, https:\/\/kinematika.systems\/wp-content\/uploads\/2025\/10\/prj_Anguilla-Band-Shell-1-6-images.webp 850w\" data-sizes=\"auto\" data-orig-sizes=\"(max-width: 800px) 100vw, 850px\" \/><\/span><\/div><\/div><div class=\"fusion-title title fusion-title-1 fusion-sep-none fusion-title-text fusion-title-size-four\" style=\"--awb-margin-bottom:30px;\"><h4 class=\"fusion-title-heading title-heading-left fusion-responsive-typography-calculated\" style=\"margin:0;--fontSize:24;line-height:1.4;\">Das 90-Tage-Lager: Wie Sie Ihre Logistik-Platzkrise in einem Quartal l\u00f6sen<\/h4><\/div><div class=\"fusion-text fusion-text-1 fusion-text-no-margin\" style=\"--awb-margin-bottom:30px;\"><p>In der heutigen schnelllebigen Wirtschaft ist die Nachfrage nach Logistik- und Lagerfl\u00e4chen volatil. Zum Beispiel k\u00f6nnten Sie einen wichtigen neuen Kunden gewinnen, Ihr E-Commerce-Volumen vor der Hochsaison verdoppeln sehen oder Ihre Lieferkette k\u00f6nnte sich pl\u00f6tzlich verschieben. Die gute Nachricht? Das Gesch\u00e4ft boomt. Die schlechte Nachricht? Sie ben\u00f6tigten 5.000 m\u00b2 zus\u00e4tzliche Lagerfl\u00e4che... gestern.     <\/p>\n<\/div><div class=\"fusion-separator fusion-full-width-sep\" style=\"align-self: center;margin-left: auto;margin-right: auto;margin-bottom:30px;width:100%;\"><div class=\"fusion-separator-border sep-single sep-solid\" style=\"--awb-height:20px;--awb-amount:20px;--awb-sep-color:#c9c9c9;border-color:#c9c9c9;border-top-width:1px;\"><\/div><\/div><div class=\"fusion-builder-row fusion-builder-row-inner fusion-row fusion-flex-align-items-flex-start fusion-flex-content-wrap\" style=\"width:104% !important;max-width:104% !important;margin-left: calc(-4% \/ 2 );margin-right: calc(-4% \/ 2 );\"><div class=\"fusion-layout-column fusion_builder_column_inner fusion-builder-nested-column-0 fusion_builder_column_inner_1_3 1_3 fusion-flex-column\" style=\"--awb-bg-size:cover;--awb-width-large:33.333333333333%;--awb-margin-top-large:0px;--awb-spacing-right-large:5.76%;--awb-margin-bottom-large:0px;--awb-spacing-left-large:5.76%;--awb-width-medium:33.333333333333%;--awb-order-medium:0;--awb-spacing-right-medium:5.76%;--awb-spacing-left-medium:5.76%;--awb-width-small:100%;--awb-order-small:0;--awb-spacing-right-small:1.92%;--awb-spacing-left-small:1.92%;\"><div class=\"fusion-column-wrapper fusion-column-has-shadow fusion-flex-justify-content-flex-start fusion-content-layout-column\"><ul style=\"--awb-line-height:27.2px;--awb-icon-width:27.2px;--awb-icon-height:27.2px;--awb-icon-margin:11.2px;--awb-content-margin:38.4px;--awb-circlecolor:var(--awb-color4);--awb-circle-yes-font-size:14.08px;\" class=\"fusion-checklist fusion-checklist-1 fusion-checklist-default type-icons\"><li class=\"fusion-li-item\" style=\"--awb-circlecolor:#000000;--awb-iconcolor:#ffffff;\"><span class=\"icon-wrapper circle-yes\"><i class=\"fusion-li-icon fa-calendar-alt fas\" aria-hidden=\"true\"><\/i><\/span><div class=\"fusion-li-item-content\">September 12, 2024<\/div><\/li><\/ul><\/div><\/div><div class=\"fusion-layout-column fusion_builder_column_inner fusion-builder-nested-column-1 fusion_builder_column_inner_1_3 1_3 fusion-flex-column\" style=\"--awb-bg-size:cover;--awb-width-large:33.333333333333%;--awb-margin-top-large:0px;--awb-spacing-right-large:5.76%;--awb-margin-bottom-large:0px;--awb-spacing-left-large:5.76%;--awb-width-medium:33.333333333333%;--awb-order-medium:0;--awb-spacing-right-medium:5.76%;--awb-spacing-left-medium:5.76%;--awb-width-small:100%;--awb-order-small:0;--awb-spacing-right-small:1.92%;--awb-spacing-left-small:1.92%;\"><div class=\"fusion-column-wrapper fusion-column-has-shadow fusion-flex-justify-content-flex-start fusion-content-layout-column\"><ul style=\"--awb-line-height:27.2px;--awb-icon-width:27.2px;--awb-icon-height:27.2px;--awb-icon-margin:11.2px;--awb-content-margin:38.4px;--awb-circlecolor:var(--awb-color4);--awb-circle-yes-font-size:14.08px;\" class=\"fusion-checklist fusion-checklist-2 fusion-checklist-default type-icons\"><li class=\"fusion-li-item\" style=\"--awb-circlecolor:#000000;--awb-iconcolor:#ffffff;\"><span class=\"icon-wrapper circle-yes\"><i class=\"fusion-li-icon fa-tag fas\" aria-hidden=\"true\"><\/i><\/span><div class=\"fusion-li-item-content\"><a href=\"https:\/\/kinematika.systems\/de\/category\/lagerhaltung-2\/\" title=\"Lagerhaltung\">Lagerhaltung<\/a><\/div><\/li><\/ul><\/div><\/div><div class=\"fusion-layout-column fusion_builder_column_inner fusion-builder-nested-column-2 fusion_builder_column_inner_1_3 1_3 fusion-flex-column\" style=\"--awb-bg-size:cover;--awb-width-large:33.333333333333%;--awb-margin-top-large:0px;--awb-spacing-right-large:5.76%;--awb-margin-bottom-large:0px;--awb-spacing-left-large:5.76%;--awb-width-medium:33.333333333333%;--awb-order-medium:0;--awb-spacing-right-medium:5.76%;--awb-spacing-left-medium:5.76%;--awb-width-small:100%;--awb-order-small:0;--awb-spacing-right-small:1.92%;--awb-spacing-left-small:1.92%;\"><div class=\"fusion-column-wrapper fusion-column-has-shadow fusion-flex-justify-content-flex-start fusion-content-layout-column\"><div style=\"text-align:right;\"><a class=\"fusion-button button-flat fusion-button-default-size button-custom fusion-button-default button-1 fusion-button-default-span fusion-button-default-type\" style=\"--button_accent_color:#000000;--button_accent_hover_color:var(--awb-color8);--button_border_hover_color:var(--awb-color1);--button_gradient_top_color:#ffffff;--button_gradient_bottom_color:#ffffff;--button_gradient_top_color_hover:var(--awb-color4);--button_gradient_bottom_color_hover:var(--awb-color4);\" target=\"_self\" href=\"https:\/\/kinematika.systems\/de\/das-90-tage-lager-wie-sie-ihre-logistik-platzkrise-in-einem-quartal-loesen\/\"><span class=\"fusion-button-text awb-button__text awb-button__text--default\">Mehr erfahren <\/span><i class=\"fa-arrow-right fas awb-button__icon awb-button__icon--default button-icon-right\" aria-hidden=\"true\"><\/i><\/a><\/div><\/div><\/div><\/div><\/div><\/li>\n<\/ul><\/div><\/div><\/div><div class=\"fusion-layout-column fusion_builder_column fusion-builder-column-2 fusion_builder_column_1_5 1_5 fusion-flex-column\" style=\"--awb-padding-bottom:20px;--awb-bg-size:cover;--awb-border-color:#e5e5e5;--awb-border-top:1px;--awb-border-right:1px;--awb-border-bottom:1px;--awb-border-left:1px;--awb-border-style:solid;--awb-width-large:20%;--awb-flex-grow:0;--awb-flex-shrink:0;--awb-margin-top-large:0px;--awb-spacing-right-large:9.6%;--awb-margin-bottom-large:0px;--awb-spacing-left-large:9.6%;--awb-width-medium:20%;--awb-order-medium:0;--awb-flex-grow-medium:0;--awb-flex-shrink-medium:0;--awb-spacing-right-medium:9.6%;--awb-spacing-left-medium:9.6%;--awb-width-small:100%;--awb-order-small:0;--awb-flex-grow-small:0;--awb-flex-shrink-small:0;--awb-spacing-right-small:1.92%;--awb-spacing-left-small:1.92%;\" data-scroll-devices=\"small-visibility,medium-visibility,large-visibility\"><div class=\"fusion-column-wrapper fusion-column-has-shadow fusion-flex-justify-content-flex-start fusion-content-layout-column\"><div class=\"fusion-builder-row fusion-builder-row-inner fusion-row fusion-flex-align-items-flex-start fusion-flex-content-wrap\" style=\"width:104% !important;max-width:104% !important;margin-left: calc(-4% \/ 2 );margin-right: calc(-4% \/ 2 );\"><div class=\"fusion-layout-column fusion_builder_column_inner fusion-builder-nested-column-3 fusion_builder_column_inner_1_1 1_1 fusion-flex-column\" style=\"--awb-padding-top:10px;--awb-padding-right:20px;--awb-padding-bottom:10px;--awb-padding-left:20px;--awb-bg-color:#000000;--awb-bg-color-hover:#000000;--awb-bg-size:cover;--awb-width-large:100%;--awb-margin-top-large:0px;--awb-spacing-right-large:0px;--awb-margin-bottom-large:0px;--awb-spacing-left-large:0px;--awb-width-medium:100%;--awb-order-medium:0;--awb-spacing-right-medium:0px;--awb-spacing-left-medium:0px;--awb-width-small:100%;--awb-order-small:0;--awb-spacing-right-small:1.92%;--awb-spacing-left-small:1.92%;\" data-scroll-devices=\"small-visibility,medium-visibility,large-visibility\"><div class=\"fusion-column-wrapper fusion-column-has-shadow fusion-flex-justify-content-flex-start fusion-content-layout-column\"><div class=\"fusion-text fusion-text-2\" style=\"--awb-text-color:#ffffff;--awb-margin-right:0px;--awb-margin-left:0px;\"><h4><span style=\"color: #ffffff;\">Tags<\/span><\/h4>\n<\/div><\/div><\/div><\/div><div class=\"fusion-tagcloud-element fusion-tagcloud-1 \" style=\"--awb-margin-top:20PX;--awb-margin-right:20px;--awb-margin-left:20px;--awb-alignment:flex-start;--awb-tags-spacing:5px;--awb-padding-top:2px;--awb-padding-right:2px;--awb-padding-bottom:2px;--awb-padding-left:2px;--awb-border-top:0px;--awb-border-right:0px;--awb-border-bottom:0px;--awb-border-left:0px;--tag-color:rgba(255,255,255,0);--tag-text-color:#000000;--tag-border-color:#ffffff;--tag-color-hover:var(--awb-color4);--tag-text-color-hover:var(--awb-color8);--tag-border-color-hover:var(--awb-color4);\"><div class=\"fusion-builder-placeholder\">No tags to display. Try to select another taxonomy.<\/div><\/div><\/div><\/div><\/div><\/div>\n","protected":false},"excerpt":{"rendered":"","protected":false},"author":1,"featured_media":0,"parent":0,"menu_order":0,"comment_status":"closed","ping_status":"closed","template":"100-width.php","meta":{"_acf_changed":false,"footnotes":""},"class_list":["post-26895","page","type-page","status-publish","hentry"],"acf":[],"yoast_head":"<!-- This site is optimized with the Yoast SEO plugin v26.6 - https:\/\/yoast.com\/wordpress\/plugins\/seo\/ -->\n<title>Blog - Sprung Rapid Deployment Structures<\/title>\n<meta name=\"robots\" content=\"index, follow, max-snippet:-1, max-image-preview:large, max-video-preview:-1\" \/>\n<link rel=\"canonical\" href=\"https:\/\/kinematika.systems\/de\/blog\/\" \/>\n<meta property=\"og:locale\" content=\"de_DE\" \/>\n<meta property=\"og:type\" content=\"article\" \/>\n<meta property=\"og:title\" content=\"Blog - Sprung Rapid Deployment Structures\" \/>\n<meta property=\"og:url\" content=\"https:\/\/kinematika.systems\/de\/blog\/\" \/>\n<meta property=\"og:site_name\" content=\"Sprung Rapid Deployment Structures\" \/>\n<meta property=\"article:modified_time\" content=\"2025-12-14T21:18:55+00:00\" \/>\n<meta name=\"twitter:card\" content=\"summary_large_image\" \/>\n<meta name=\"twitter:label1\" content=\"Gesch\u00e4tzte Lesezeit\" \/>\n\t<meta name=\"twitter:data1\" content=\"15\u00a0Minuten\" \/>\n<script type=\"application\/ld+json\" class=\"yoast-schema-graph\">{\"@context\":\"https:\/\/schema.org\",\"@graph\":[{\"@type\":\"WebPage\",\"@id\":\"https:\/\/kinematika.systems\/de\/blog\/\",\"url\":\"https:\/\/kinematika.systems\/de\/blog\/\",\"name\":\"Blog - Sprung Rapid Deployment Structures\",\"isPartOf\":{\"@id\":\"https:\/\/kinematika.systems\/#website\"},\"datePublished\":\"2025-11-23T20:29:18+00:00\",\"dateModified\":\"2025-12-14T21:18:55+00:00\",\"breadcrumb\":{\"@id\":\"https:\/\/kinematika.systems\/de\/blog\/#breadcrumb\"},\"inLanguage\":\"de\",\"potentialAction\":[{\"@type\":\"ReadAction\",\"target\":[\"https:\/\/kinematika.systems\/de\/blog\/\"]}]},{\"@type\":\"BreadcrumbList\",\"@id\":\"https:\/\/kinematika.systems\/de\/blog\/#breadcrumb\",\"itemListElement\":[{\"@type\":\"ListItem\",\"position\":1,\"name\":\"Home\",\"item\":\"https:\/\/kinematika.systems\/de\/sprung-hochleistungs-zugmembranbauten\/\"},{\"@type\":\"ListItem\",\"position\":2,\"name\":\"Blog\"}]},{\"@type\":\"WebSite\",\"@id\":\"https:\/\/kinematika.systems\/#website\",\"url\":\"https:\/\/kinematika.systems\/\",\"name\":\"Sprung Rapid Deployment Structures\",\"description\":\"\",\"potentialAction\":[{\"@type\":\"SearchAction\",\"target\":{\"@type\":\"EntryPoint\",\"urlTemplate\":\"https:\/\/kinematika.systems\/?s={search_term_string}\"},\"query-input\":{\"@type\":\"PropertyValueSpecification\",\"valueRequired\":true,\"valueName\":\"search_term_string\"}}],\"inLanguage\":\"de\"}]}<\/script>\n<!-- \/ Yoast SEO plugin. -->","yoast_head_json":{"title":"Blog - Sprung Rapid Deployment Structures","robots":{"index":"index","follow":"follow","max-snippet":"max-snippet:-1","max-image-preview":"max-image-preview:large","max-video-preview":"max-video-preview:-1"},"canonical":"https:\/\/kinematika.systems\/de\/blog\/","og_locale":"de_DE","og_type":"article","og_title":"Blog - Sprung Rapid Deployment Structures","og_url":"https:\/\/kinematika.systems\/de\/blog\/","og_site_name":"Sprung Rapid Deployment Structures","article_modified_time":"2025-12-14T21:18:55+00:00","twitter_card":"summary_large_image","twitter_misc":{"Gesch\u00e4tzte Lesezeit":"15\u00a0Minuten"},"schema":{"@context":"https:\/\/schema.org","@graph":[{"@type":"WebPage","@id":"https:\/\/kinematika.systems\/de\/blog\/","url":"https:\/\/kinematika.systems\/de\/blog\/","name":"Blog - Sprung Rapid Deployment Structures","isPartOf":{"@id":"https:\/\/kinematika.systems\/#website"},"datePublished":"2025-11-23T20:29:18+00:00","dateModified":"2025-12-14T21:18:55+00:00","breadcrumb":{"@id":"https:\/\/kinematika.systems\/de\/blog\/#breadcrumb"},"inLanguage":"de","potentialAction":[{"@type":"ReadAction","target":["https:\/\/kinematika.systems\/de\/blog\/"]}]},{"@type":"BreadcrumbList","@id":"https:\/\/kinematika.systems\/de\/blog\/#breadcrumb","itemListElement":[{"@type":"ListItem","position":1,"name":"Home","item":"https:\/\/kinematika.systems\/de\/sprung-hochleistungs-zugmembranbauten\/"},{"@type":"ListItem","position":2,"name":"Blog"}]},{"@type":"WebSite","@id":"https:\/\/kinematika.systems\/#website","url":"https:\/\/kinematika.systems\/","name":"Sprung Rapid Deployment Structures","description":"","potentialAction":[{"@type":"SearchAction","target":{"@type":"EntryPoint","urlTemplate":"https:\/\/kinematika.systems\/?s={search_term_string}"},"query-input":{"@type":"PropertyValueSpecification","valueRequired":true,"valueName":"search_term_string"}}],"inLanguage":"de"}]}},"_links":{"self":[{"href":"https:\/\/kinematika.systems\/de\/wp-json\/wp\/v2\/pages\/26895","targetHints":{"allow":["GET"]}}],"collection":[{"href":"https:\/\/kinematika.systems\/de\/wp-json\/wp\/v2\/pages"}],"about":[{"href":"https:\/\/kinematika.systems\/de\/wp-json\/wp\/v2\/types\/page"}],"author":[{"embeddable":true,"href":"https:\/\/kinematika.systems\/de\/wp-json\/wp\/v2\/users\/1"}],"replies":[{"embeddable":true,"href":"https:\/\/kinematika.systems\/de\/wp-json\/wp\/v2\/comments?post=26895"}],"version-history":[{"count":3,"href":"https:\/\/kinematika.systems\/de\/wp-json\/wp\/v2\/pages\/26895\/revisions"}],"predecessor-version":[{"id":28547,"href":"https:\/\/kinematika.systems\/de\/wp-json\/wp\/v2\/pages\/26895\/revisions\/28547"}],"wp:attachment":[{"href":"https:\/\/kinematika.systems\/de\/wp-json\/wp\/v2\/media?parent=26895"}],"curies":[{"name":"wp","href":"https:\/\/api.w.org\/{rel}","templated":true}]}}